{"id":142,"date":"2025-09-21T20:38:24","date_gmt":"2025-09-21T17:38:24","guid":{"rendered":"https:\/\/www.ylistyslahti.fi\/?page_id=142"},"modified":"2026-03-07T17:02:30","modified_gmt":"2026-03-07T15:02:30","slug":"lahti-ylistaa","status":"publish","type":"page","link":"https:\/\/www.ylistyslahti.fi\/index.php\/lahti-ylistaa\/","title":{"rendered":"Lahti ylist\u00e4\u00e4 &#8211; tapahtuma"},"content":{"rendered":"\n<p><\/p>\n\n\n<div class=\"wp-block-image\">\n<figure class=\"aligncenter size-full is-resized\"><img loading=\"lazy\" decoding=\"async\" width=\"481\" height=\"231\" src=\"https:\/\/www.ylistyslahti.fi\/wp-content\/uploads\/2025\/09\/Nayttokuva-2025-09-14-125156.png\" alt=\"\" class=\"wp-image-144\" style=\"width:645px;height:auto\" srcset=\"https:\/\/www.ylistyslahti.fi\/wp-content\/uploads\/2025\/09\/Nayttokuva-2025-09-14-125156.png 481w, https:\/\/www.ylistyslahti.fi\/wp-content\/uploads\/2025\/09\/Nayttokuva-2025-09-14-125156-300x144.png 300w\" sizes=\"auto, (max-width: 481px) 100vw, 481px\" \/><figcaption class=\"wp-element-caption\">LAHTI YLIST\u00c4\u00c4<\/figcaption><\/figure>\n<\/div>\n\n\n<p><\/p>\n\n\n\n<p>Seuraava Lahti ylist\u00e4\u00e4 -tapahtuma on toukokuussa (viikko 21) la 23.5.2026 klo 12-. T\u00e4ll\u00e4 kertaa paikkana on Launeen kirkko.<\/p>\n\n\n\n<p>Alustavan suunnitelman mukaan ylistyksess\u00e4 mukana:<\/p>\n\n\n\n<ul class=\"wp-block-list\">\n<li>Kipin\u00e4-yhteis\u00f6n ylistysryhm\u00e4<\/li>\n\n\n\n<li>Sonja Kotinurmi ym.<\/li>\n\n\n\n<li>Mikko Mertanen ym.<\/li>\n<\/ul>\n\n\n\n<p><\/p>\n\n\n\n<p><\/p>\n\n\n\n<p><\/p>\n","protected":false},"excerpt":{"rendered":"<p>Seuraava Lahti ylist\u00e4\u00e4 -tapahtuma on toukokuussa (viikko 21) la 23.5.2026 klo 12-. T\u00e4ll\u00e4 kertaa paikkana on Launeen kirkko. Alustavan suunnitelman mukaan ylistyksess\u00e4 mukana:<\/p>\n","protected":false},"author":1,"featured_media":0,"parent":0,"menu_order":0,"comment_status":"closed","ping_status":"closed","template":"","meta":{"footnotes":""},"class_list":["post-142","page","type-page","status-publish","hentry"],"_links":{"self":[{"href":"https:\/\/www.ylistyslahti.fi\/index.php\/wp-json\/wp\/v2\/pages\/142","targetHints":{"allow":["GET"]}}],"collection":[{"href":"https:\/\/www.ylistyslahti.fi\/index.php\/wp-json\/wp\/v2\/pages"}],"about":[{"href":"https:\/\/www.ylistyslahti.fi\/index.php\/wp-json\/wp\/v2\/types\/page"}],"author":[{"embeddable":true,"href":"https:\/\/www.ylistyslahti.fi\/index.php\/wp-json\/wp\/v2\/users\/1"}],"replies":[{"embeddable":true,"href":"https:\/\/www.ylistyslahti.fi\/index.php\/wp-json\/wp\/v2\/comments?post=142"}],"version-history":[{"count":18,"href":"https:\/\/www.ylistyslahti.fi\/index.php\/wp-json\/wp\/v2\/pages\/142\/revisions"}],"predecessor-version":[{"id":426,"href":"https:\/\/www.ylistyslahti.fi\/index.php\/wp-json\/wp\/v2\/pages\/142\/revisions\/426"}],"wp:attachment":[{"href":"https:\/\/www.ylistyslahti.fi\/index.php\/wp-json\/wp\/v2\/media?parent=142"}],"curies":[{"name":"wp","href":"https:\/\/api.w.org\/{rel}","templated":true}]}}