{"id":215,"date":"2025-12-26T17:53:20","date_gmt":"2025-12-26T15:53:20","guid":{"rendered":"https:\/\/www.ylistyslahti.fi\/?page_id=215"},"modified":"2026-04-26T13:35:04","modified_gmt":"2026-04-26T10:35:04","slug":"etusivu","status":"publish","type":"page","link":"https:\/\/www.ylistyslahti.fi\/","title":{"rendered":"Ylistysverkoston verkkosivut"},"content":{"rendered":"\n<p class=\"has-text-align-center\"><strong>Tervetuloa lahtelaisen ylistysverkoston sivuille<\/strong><\/p>\n\n\n\n<p class=\"has-text-align-center\">T\u00e4\u00e4lt\u00e4 l\u00f6yd\u00e4t virikkeit\u00e4 ylistyksen aihepiirist\u00e4 ja tietoa Lahden kaupunkiseudun ylistysrintaman tapahtumista.<\/p>\n\n\n\n<p class=\"has-text-align-center\">Lahtelainen ylistysverkosto on vapaamuotoinen verkostomaiseen toimintatapaan perustuva yhteys. Verkosto on syntynyt vahvistamaan ylist\u00e4jien ja ylistysaloitteiden yhteytt\u00e4 erityisesti Lahden kaupunkiseudulla. Se haluaa palvella kaikkia ylistyksest\u00e4 ja rukouksesta kiinnostuneita.<\/p>\n\n\n\n<p class=\"has-text-align-center\">Verkosto jakaa tietoa kaupunkialueella tapahtuvista ylistystapahtumista ja -aloitteista. Haluamme rakentaa ja vahvistaa yhteytt\u00e4 eri ylistystoimijoiden v\u00e4lill\u00e4. Samalla haluamme omalta osaltamme vahvistaa ylistysn\u00e4ky\u00e4 ja ylistyskulttuuria.<\/p>\n\n\n<div class=\"wp-block-image is-style-rounded\">\n<figure class=\"aligncenter size-full is-resized\"><img loading=\"lazy\" decoding=\"async\" width=\"384\" height=\"512\" src=\"https:\/\/www.ylistyslahti.fi\/wp-content\/uploads\/2025\/12\/cropped-ktalo8-scaled-1-edited.jpg\" alt=\"\" class=\"wp-image-371\" style=\"aspect-ratio:0.7500000172350784;width:224px;height:auto\" srcset=\"https:\/\/www.ylistyslahti.fi\/wp-content\/uploads\/2025\/12\/cropped-ktalo8-scaled-1-edited.jpg 384w, https:\/\/www.ylistyslahti.fi\/wp-content\/uploads\/2025\/12\/cropped-ktalo8-scaled-1-edited-225x300.jpg 225w\" sizes=\"auto, (max-width: 384px) 100vw, 384px\" \/><\/figure>\n<\/div>\n\n\n<ul class=\"wp-block-list\"><\/ul>\n\n\n\n<p>Seuraavista linkeist\u00e4 l\u00f6yd\u00e4t lis\u00e4tietoja lahtelaisista tapahtumista:<\/p>\n\n\n\n<p>SUUNNITELMISSA: toukokuussa Lahti ylist\u00e4\u00e4 -tapahtuma ja elokuussa yhteinen ylistysviikko !<\/p>\n\n\n\n<ul class=\"wp-block-list\">\n<li><a href=\"https:\/\/www.ylistyslahti.fi\/index.php\/lahti-ylistaa\/\" data-type=\"page\" data-id=\"142\">Lahti ylist\u00e4\u00e4 -tapahtuma<\/a><\/li>\n\n\n\n<li><a href=\"https:\/\/www.ylistyslahti.fi\/index.php\/ylistysviikko\/\" data-type=\"page\" data-id=\"51\" target=\"_blank\" rel=\"noreferrer noopener\">Yhteinen ylistysviikko<\/a> 2026<\/li>\n<\/ul>\n\n\n\n<figure class=\"wp-block-gallery has-nested-images columns-4 is-cropped wp-block-gallery-1 is-layout-flex wp-block-gallery-is-layout-flex\">\n<figure class=\"wp-block-image size-large is-style-rounded\"><a href=\"https:\/\/www.ylistyslahti.fi\/index.php\/lahti-ylistaa\/\"><img loading=\"lazy\" decoding=\"async\" width=\"481\" height=\"231\" data-id=\"144\" src=\"https:\/\/www.ylistyslahti.fi\/wp-content\/uploads\/2025\/09\/Nayttokuva-2025-09-14-125156.png\" alt=\"\" class=\"wp-image-144\" srcset=\"https:\/\/www.ylistyslahti.fi\/wp-content\/uploads\/2025\/09\/Nayttokuva-2025-09-14-125156.png 481w, https:\/\/www.ylistyslahti.fi\/wp-content\/uploads\/2025\/09\/Nayttokuva-2025-09-14-125156-300x144.png 300w\" sizes=\"auto, (max-width: 481px) 100vw, 481px\" \/><\/a><figcaption class=\"wp-element-caption\">LAHTI YLIST\u00c4\u00c4<\/figcaption><\/figure>\n\n\n\n<figure class=\"wp-block-image size-large\"><a href=\"https:\/\/www.ylistyslahti.fi\/index.php\/ylistysviikko\/\"><img loading=\"lazy\" decoding=\"async\" width=\"587\" height=\"398\" data-id=\"103\" src=\"https:\/\/www.ylistyslahti.fi\/wp-content\/uploads\/2025\/05\/Ylistysviikko-e1746079031126.png\" alt=\"\" class=\"wp-image-103\" srcset=\"https:\/\/www.ylistyslahti.fi\/wp-content\/uploads\/2025\/05\/Ylistysviikko-e1746079031126.png 587w, https:\/\/www.ylistyslahti.fi\/wp-content\/uploads\/2025\/05\/Ylistysviikko-e1746079031126-300x203.png 300w\" sizes=\"auto, (max-width: 587px) 100vw, 587px\" \/><\/a><figcaption class=\"wp-element-caption\">YLISTYSVIIKKO 2026<\/figcaption><\/figure>\n\n\n\n<figure class=\"wp-block-image size-large\"><a href=\"https:\/\/www.ylistyslahti.fi\/index.php\/ylistajien-yhteyspaiva\/\"><img loading=\"lazy\" decoding=\"async\" width=\"819\" height=\"1024\" data-id=\"415\" src=\"https:\/\/www.ylistyslahti.fi\/wp-content\/uploads\/2026\/03\/Ylistajien-yhteyspaiva_11042026_esite-819x1024.jpg\" alt=\"\" class=\"wp-image-415\" srcset=\"https:\/\/www.ylistyslahti.fi\/wp-content\/uploads\/2026\/03\/Ylistajien-yhteyspaiva_11042026_esite-819x1024.jpg 819w, https:\/\/www.ylistyslahti.fi\/wp-content\/uploads\/2026\/03\/Ylistajien-yhteyspaiva_11042026_esite-240x300.jpg 240w, https:\/\/www.ylistyslahti.fi\/wp-content\/uploads\/2026\/03\/Ylistajien-yhteyspaiva_11042026_esite-768x960.jpg 768w, https:\/\/www.ylistyslahti.fi\/wp-content\/uploads\/2026\/03\/Ylistajien-yhteyspaiva_11042026_esite.jpg 1080w\" sizes=\"auto, (max-width: 819px) 100vw, 819px\" \/><\/a><\/figure>\n\n\n\n<figure class=\"wp-block-image size-large\"><a href=\"https:\/\/www.ylistyslahti.fi\/index.php\/parempi-aani\/\"><img loading=\"lazy\" decoding=\"async\" width=\"1024\" height=\"771\" data-id=\"104\" src=\"https:\/\/www.ylistyslahti.fi\/wp-content\/uploads\/2025\/05\/Kuva_parempi-aani-1024x771.png\" alt=\"\" class=\"wp-image-104\" srcset=\"https:\/\/www.ylistyslahti.fi\/wp-content\/uploads\/2025\/05\/Kuva_parempi-aani-1024x771.png 1024w, https:\/\/www.ylistyslahti.fi\/wp-content\/uploads\/2025\/05\/Kuva_parempi-aani-300x226.png 300w, https:\/\/www.ylistyslahti.fi\/wp-content\/uploads\/2025\/05\/Kuva_parempi-aani-768x578.png 768w, https:\/\/www.ylistyslahti.fi\/wp-content\/uploads\/2025\/05\/Kuva_parempi-aani.png 1321w\" sizes=\"auto, (max-width: 1024px) 100vw, 1024px\" \/><\/a><figcaption class=\"wp-element-caption\">PAREMPI \u00c4\u00c4NI<\/figcaption><\/figure>\n<\/figure>\n\n\n\n<div style=\"height:57px\" aria-hidden=\"true\" class=\"wp-block-spacer\"><\/div>\n\n\n\n<div data-wp-context=\"{ &quot;autoclose&quot;: false, &quot;accordionItems&quot;: [] }\" data-wp-interactive=\"core\/accordion\" role=\"group\" class=\"wp-block-accordion is-layout-flow wp-block-accordion-is-layout-flow\">\n<div data-wp-class--is-open=\"state.isOpen\" data-wp-context=\"{ &quot;id&quot;: &quot;accordion-item-2&quot;, &quot;openByDefault&quot;: false }\" data-wp-init=\"callbacks.initAccordionItems\" data-wp-on-window--hashchange=\"callbacks.hashChange\" class=\"wp-block-accordion-item is-layout-flow wp-block-accordion-item-is-layout-flow\">\n<h3 class=\"wp-block-accordion-heading has-white-color has-midnight-gradient-background has-text-color has-background has-link-color has-small-font-size wp-elements-c61cfcf850d493d9a066c08c6795011a\"><button aria-expanded=\"false\" aria-controls=\"accordion-item-2-panel\" data-wp-bind--aria-expanded=\"state.isOpen\" data-wp-on--click=\"actions.toggle\" data-wp-on--keydown=\"actions.handleKeyDown\" id=\"accordion-item-2\" type=\"button\" class=\"wp-block-accordion-heading__toggle\"><span class=\"wp-block-accordion-heading__toggle-title\">T\u00e4\u00e4lt\u00e4 voit lukea lis\u00e4\u00e4 ylistysverkoston ideasta . . .<\/span><span class=\"wp-block-accordion-heading__toggle-icon\" aria-hidden=\"true\">+<\/span><\/button><\/h3>\n\n\n\n<div inert aria-labelledby=\"accordion-item-2\" data-wp-bind--inert=\"!state.isOpen\" id=\"accordion-item-2-panel\" role=\"region\" class=\"wp-block-accordion-panel is-layout-flow wp-block-accordion-panel-is-layout-flow\">\n<p><br><strong>Ylistysverkoston ideasta<\/strong><\/p>\n\n\n\n<p>Toivomme ylistyksen kulttuurin vahvistumista kaupunkiseudullamme. Odotamme, ett\u00e4 ylistys nousee ja vahvistuu yh\u00e4 voimakkaampana keskell\u00e4mme. Kaipaamme, ett\u00e4 kaupunginlaaja seurakuntaperhe antaa yhteisen ylistyksen Herrallemme. Unelmana on, ett\u00e4 koko kaupunkimme t\u00e4ytyy ylistyksell\u00e4.<\/p>\n\n\n\n<p>Lahtelainen ylistysverkosto kokoaa Lahden seudun ylistyksen yst\u00e4vi\u00e4, ylistyksen johtajia, ylistysryhmi\u00e4 ja erilaisia ylistysaloitteita verkostoksi. Toiminta perustuu vapaamuotoiseen verkostomaiseen toimintatapaan.<\/p>\n\n\n\n<p>Verkosto on syntynyt ylistyksen ja yhteyden kaipuusta. Vahvistamaan ylistysn\u00e4ky\u00e4 kaupunginlaajan seurakunnan keskell\u00e4 ja erilaisten ylistysaloitteiden ja ylistysryhmien v\u00e4lill\u00e4. Yll\u00e4pit\u00e4m\u00e4\u00e4n yhteytt\u00e4 ylist\u00e4jien v\u00e4lill\u00e4. Palvelemaan ylistyksenjohtajia ja kaikkia ylistyksest\u00e4 kiinnostuneita.<\/p>\n\n\n\n<p>Verkosto rohkaisee jokaista astumaan syvemm\u00e4lle ylityksen maailmaan. Se keskittyy jakamaan informaatiota seudullisista ylistysaloitteista. Verkosto haluaa rakentaa ja vahvistaa yhteytt\u00e4 eri ylistystoimijoiden v\u00e4lill\u00e4. Se pit\u00e4\u00e4 esill\u00e4 ylistyksen asiaa. Verkostolla ei ole nimettyj\u00e4 vastuunkantajia. N\u00e4ky\u00e4 vied\u00e4\u00e4n eteenp\u00e4in luontaisten yst\u00e4vyyksien pohjalta. Harvakseltaan kutsutaan ylistyksest\u00e4 kiinnostuneita henkil\u00f6it\u00e4 rukoilemaan ja jakamaan siit\u00e4, mit\u00e4 ajankohtaista ylistyksen rintamalla tapahtuu. Verkostossa t\u00e4ll\u00e4 hetkell\u00e4 mukana mm. Kari Leinonen, Mikko ja Hanna Mertanen, Laura Stclair.<\/p>\n<\/div>\n<\/div>\n<\/div>\n\n\n\n<p><\/p>\n","protected":false},"excerpt":{"rendered":"<p>Tervetuloa lahtelaisen ylistysverkoston sivuille T\u00e4\u00e4lt\u00e4 l\u00f6yd\u00e4t virikkeit\u00e4 ylistyksen aihepiirist\u00e4 ja tietoa Lahden kaupunkiseudun ylistysrintaman tapahtumista. Lahtelainen ylistysverkosto on vapaamuotoinen verkostomaiseen toimintatapaan perustuva yhteys. Verkosto on&hellip;<\/p>\n","protected":false},"author":1,"featured_media":0,"parent":0,"menu_order":0,"comment_status":"closed","ping_status":"closed","template":"","meta":{"footnotes":""},"class_list":["post-215","page","type-page","status-publish","hentry"],"_links":{"self":[{"href":"https:\/\/www.ylistyslahti.fi\/index.php\/wp-json\/wp\/v2\/pages\/215","targetHints":{"allow":["GET"]}}],"collection":[{"href":"https:\/\/www.ylistyslahti.fi\/index.php\/wp-json\/wp\/v2\/pages"}],"about":[{"href":"https:\/\/www.ylistyslahti.fi\/index.php\/wp-json\/wp\/v2\/types\/page"}],"author":[{"embeddable":true,"href":"https:\/\/www.ylistyslahti.fi\/index.php\/wp-json\/wp\/v2\/users\/1"}],"replies":[{"embeddable":true,"href":"https:\/\/www.ylistyslahti.fi\/index.php\/wp-json\/wp\/v2\/comments?post=215"}],"version-history":[{"count":45,"href":"https:\/\/www.ylistyslahti.fi\/index.php\/wp-json\/wp\/v2\/pages\/215\/revisions"}],"predecessor-version":[{"id":444,"href":"https:\/\/www.ylistyslahti.fi\/index.php\/wp-json\/wp\/v2\/pages\/215\/revisions\/444"}],"wp:attachment":[{"href":"https:\/\/www.ylistyslahti.fi\/index.php\/wp-json\/wp\/v2\/media?parent=215"}],"curies":[{"name":"wp","href":"https:\/\/api.w.org\/{rel}","templated":true}]}}