{"id":394,"date":"2026-01-31T18:32:51","date_gmt":"2026-01-31T16:32:51","guid":{"rendered":"https:\/\/www.ylistyslahti.fi\/?page_id=394"},"modified":"2026-04-26T12:21:46","modified_gmt":"2026-04-26T09:21:46","slug":"ylistajien-yhteyspaiva","status":"publish","type":"page","link":"https:\/\/www.ylistyslahti.fi\/index.php\/ylistajien-yhteyspaiva\/","title":{"rendered":"Ylist\u00e4jien yhteysp\u00e4iv\u00e4"},"content":{"rendered":"<div class=\"wp-block-image\">\n<figure class=\"aligncenter size-full is-resized\"><img loading=\"lazy\" decoding=\"async\" width=\"1080\" height=\"1350\" src=\"https:\/\/www.ylistyslahti.fi\/wp-content\/uploads\/2026\/03\/Ylistajien-yhteyspaiva_11042026_esite.jpg\" alt=\"\" class=\"wp-image-415\" style=\"width:214px;height:auto\" srcset=\"https:\/\/www.ylistyslahti.fi\/wp-content\/uploads\/2026\/03\/Ylistajien-yhteyspaiva_11042026_esite.jpg 1080w, https:\/\/www.ylistyslahti.fi\/wp-content\/uploads\/2026\/03\/Ylistajien-yhteyspaiva_11042026_esite-240x300.jpg 240w, https:\/\/www.ylistyslahti.fi\/wp-content\/uploads\/2026\/03\/Ylistajien-yhteyspaiva_11042026_esite-819x1024.jpg 819w, https:\/\/www.ylistyslahti.fi\/wp-content\/uploads\/2026\/03\/Ylistajien-yhteyspaiva_11042026_esite-768x960.jpg 768w\" sizes=\"auto, (max-width: 1080px) 100vw, 1080px\" \/><\/figure>\n<\/div>\n\n\n<div style=\"height:43px\" aria-hidden=\"true\" class=\"wp-block-spacer\"><\/div>\n\n\n\n<p class=\"has-text-align-center\"><strong>Saimme viett\u00e4\u00e4 lahtelaisten ylist\u00e4jien ja esirukoilijoiden yhteysp\u00e4iv\u00e4\u00e4 11.4. 2026 Lahden kristillisell\u00e4 koululla. \ud83e\udd17<\/strong> Ehk\u00e4p\u00e4 seuraavan kerran n\u00e4iss\u00e4 merkeiss\u00e4 kev\u00e4\u00e4ll\u00e4 2027.<\/p>\n\n\n\n<div style=\"height:43px\" aria-hidden=\"true\" class=\"wp-block-spacer\"><\/div>\n\n\n\n<p class=\"has-text-align-center\">Saimme tulla yhteen rakentumaan, rohkaistumaan, tutustumaan, rukoilemaan sek\u00e4 ylist\u00e4m\u00e4\u00e4n. Meit\u00e4 oli tullut yhteen reilu kolmekymment\u00e4 henkil\u00f6\u00e4. Meit\u00e4 rohkaisi p\u00e4iv\u00e4ss\u00e4 Tata Hermunen (YWAM, Alttari). H\u00e4n oli saanut p\u00e4iv\u00e4\u00e4 varten pari teemaa efesolaiskirjeest\u00e4.<\/p>\n\n\n\n<p class=\"has-text-align-center\">H\u00e4n muistutti ensiksi Jumalan pyhyydest\u00e4 ja kehotti lempe\u00e4sti tekem\u00e4\u00e4n parannusta Ef 4:17-32 jakeiden mukaisesti.<\/p>\n\n\n\n<p class=\"has-text-align-center\">Toisessa osiossa h\u00e4n rohkaisi Hengen t\u00e4yteyteen Ef 5:17-20 jakeiden innoittamana. T\u00e4yttyk\u00e4\u00e4 Hengell\u00e4 puhuen toisillenne psalmein, kiitosvirsin ja hengellisin lauluin. Laulakaa ja soittakaa syd\u00e4mest\u00e4nne Herralle.<\/p>\n\n\n\n<p class=\"has-text-align-center\"><\/p>\n","protected":false},"excerpt":{"rendered":"<p>Saimme viett\u00e4\u00e4 lahtelaisten ylist\u00e4jien ja esirukoilijoiden yhteysp\u00e4iv\u00e4\u00e4 11.4. 2026 Lahden kristillisell\u00e4 koululla. \ud83e\udd17 Ehk\u00e4p\u00e4 seuraavan kerran n\u00e4iss\u00e4 merkeiss\u00e4 kev\u00e4\u00e4ll\u00e4 2027. Saimme tulla yhteen rakentumaan, rohkaistumaan,&hellip;<\/p>\n","protected":false},"author":1,"featured_media":0,"parent":0,"menu_order":0,"comment_status":"closed","ping_status":"closed","template":"","meta":{"footnotes":""},"class_list":["post-394","page","type-page","status-publish","hentry"],"_links":{"self":[{"href":"https:\/\/www.ylistyslahti.fi\/index.php\/wp-json\/wp\/v2\/pages\/394","targetHints":{"allow":["GET"]}}],"collection":[{"href":"https:\/\/www.ylistyslahti.fi\/index.php\/wp-json\/wp\/v2\/pages"}],"about":[{"href":"https:\/\/www.ylistyslahti.fi\/index.php\/wp-json\/wp\/v2\/types\/page"}],"author":[{"embeddable":true,"href":"https:\/\/www.ylistyslahti.fi\/index.php\/wp-json\/wp\/v2\/users\/1"}],"replies":[{"embeddable":true,"href":"https:\/\/www.ylistyslahti.fi\/index.php\/wp-json\/wp\/v2\/comments?post=394"}],"version-history":[{"count":11,"href":"https:\/\/www.ylistyslahti.fi\/index.php\/wp-json\/wp\/v2\/pages\/394\/revisions"}],"predecessor-version":[{"id":435,"href":"https:\/\/www.ylistyslahti.fi\/index.php\/wp-json\/wp\/v2\/pages\/394\/revisions\/435"}],"wp:attachment":[{"href":"https:\/\/www.ylistyslahti.fi\/index.php\/wp-json\/wp\/v2\/media?parent=394"}],"curies":[{"name":"wp","href":"https:\/\/api.w.org\/{rel}","templated":true}]}}