{"id":42,"date":"2025-04-21T18:39:19","date_gmt":"2025-04-21T15:39:19","guid":{"rendered":"https:\/\/www.ylistyslahti.fi\/?page_id=42"},"modified":"2026-04-26T13:33:38","modified_gmt":"2026-04-26T10:33:38","slug":"parempi-aani","status":"publish","type":"page","link":"https:\/\/www.ylistyslahti.fi\/index.php\/parempi-aani\/","title":{"rendered":"Parempi \u00e4\u00e4ni &#8211; iltap\u00e4iv\u00e4"},"content":{"rendered":"\n<div style=\"height:29px\" aria-hidden=\"true\" class=\"wp-block-spacer\"><\/div>\n\n\n\n<h2 class=\"wp-block-heading alignwide has-text-align-center\">PAREMPI \u00c4\u00c4NI -ylistystapahtumat<\/h2>\n\n\n\n<div style=\"height:26px\" aria-hidden=\"true\" class=\"wp-block-spacer\"><\/div>\n\n\n<div class=\"wp-block-image\">\n<figure class=\"aligncenter size-full\"><img loading=\"lazy\" decoding=\"async\" width=\"794\" height=\"762\" src=\"https:\/\/www.ylistyslahti.fi\/wp-content\/uploads\/2026\/01\/Nayttokuva-2026-01-31-181823.png\" alt=\"\" class=\"wp-image-391\" srcset=\"https:\/\/www.ylistyslahti.fi\/wp-content\/uploads\/2026\/01\/Nayttokuva-2026-01-31-181823.png 794w, https:\/\/www.ylistyslahti.fi\/wp-content\/uploads\/2026\/01\/Nayttokuva-2026-01-31-181823-300x288.png 300w, https:\/\/www.ylistyslahti.fi\/wp-content\/uploads\/2026\/01\/Nayttokuva-2026-01-31-181823-768x737.png 768w\" sizes=\"auto, (max-width: 794px) 100vw, 794px\" \/><\/figure>\n<\/div>\n\n\n<div style=\"height:44px\" aria-hidden=\"true\" class=\"wp-block-spacer\"><\/div>\n\n\n\n<p class=\"has-text-align-center\">Parempi \u00c4\u00e4ni -ylistysiltap\u00e4iv\u00e4t ovat pienimuotoisia ylistystapahtumia. Kaikki ylistyksest\u00e4 kiinnostuneet ovat tervetulleita mukaan.<\/p>\n\n\n\n<p class=\"has-text-align-center\">Iltap\u00e4iv\u00e4t toteutetaan lahtelaisten ylist\u00e4jien johdolla. Opettelemme tapahtumissa my\u00f6s esirukouksen yhdist\u00e4mist\u00e4 ylityksen virtaan. Tapahtumia pyrit\u00e4\u00e4n j\u00e4rjest\u00e4m\u00e4\u00e4n jonkunen kerta vuodessa. Kev\u00e4\u00e4lle 2026 ei ole sovittu yht\u00e4\u00e4n tapahtumaa.<\/p>\n\n\n\n<p><\/p>\n","protected":false},"excerpt":{"rendered":"<p>PAREMPI \u00c4\u00c4NI -ylistystapahtumat Parempi \u00c4\u00e4ni -ylistysiltap\u00e4iv\u00e4t ovat pienimuotoisia ylistystapahtumia. Kaikki ylistyksest\u00e4 kiinnostuneet ovat tervetulleita mukaan. Iltap\u00e4iv\u00e4t toteutetaan lahtelaisten ylist\u00e4jien johdolla. Opettelemme tapahtumissa my\u00f6s esirukouksen yhdist\u00e4mist\u00e4&hellip;<\/p>\n","protected":false},"author":1,"featured_media":7,"parent":0,"menu_order":0,"comment_status":"closed","ping_status":"closed","template":"","meta":{"footnotes":""},"class_list":["post-42","page","type-page","status-publish","has-post-thumbnail","hentry"],"_links":{"self":[{"href":"https:\/\/www.ylistyslahti.fi\/index.php\/wp-json\/wp\/v2\/pages\/42","targetHints":{"allow":["GET"]}}],"collection":[{"href":"https:\/\/www.ylistyslahti.fi\/index.php\/wp-json\/wp\/v2\/pages"}],"about":[{"href":"https:\/\/www.ylistyslahti.fi\/index.php\/wp-json\/wp\/v2\/types\/page"}],"author":[{"embeddable":true,"href":"https:\/\/www.ylistyslahti.fi\/index.php\/wp-json\/wp\/v2\/users\/1"}],"replies":[{"embeddable":true,"href":"https:\/\/www.ylistyslahti.fi\/index.php\/wp-json\/wp\/v2\/comments?post=42"}],"version-history":[{"count":26,"href":"https:\/\/www.ylistyslahti.fi\/index.php\/wp-json\/wp\/v2\/pages\/42\/revisions"}],"predecessor-version":[{"id":427,"href":"https:\/\/www.ylistyslahti.fi\/index.php\/wp-json\/wp\/v2\/pages\/42\/revisions\/427"}],"wp:featuredmedia":[{"embeddable":true,"href":"https:\/\/www.ylistyslahti.fi\/index.php\/wp-json\/wp\/v2\/media\/7"}],"wp:attachment":[{"href":"https:\/\/www.ylistyslahti.fi\/index.php\/wp-json\/wp\/v2\/media?parent=42"}],"curies":[{"name":"wp","href":"https:\/\/api.w.org\/{rel}","templated":true}]}}