{"id":51,"date":"2025-04-21T19:25:25","date_gmt":"2025-04-21T16:25:25","guid":{"rendered":"https:\/\/www.ylistyslahti.fi\/?page_id=51"},"modified":"2026-04-26T13:41:50","modified_gmt":"2026-04-26T10:41:50","slug":"ylistysviikko","status":"publish","type":"page","link":"https:\/\/www.ylistyslahti.fi\/index.php\/ylistysviikko\/","title":{"rendered":"Ylistysviikko elokuu 2026"},"content":{"rendered":"\n<p><\/p>\n\n\n\n<h2 class=\"wp-block-heading has-text-align-center\">YHTEINEN YLISTYSVIIKKO LAHDESSA<\/h2>\n\n\n\n<hr class=\"wp-block-separator has-alpha-channel-opacity\"\/>\n\n\n<div class=\"wp-block-image\">\n<figure class=\"aligncenter size-full is-resized\"><img loading=\"lazy\" decoding=\"async\" width=\"587\" height=\"398\" src=\"https:\/\/www.ylistyslahti.fi\/wp-content\/uploads\/2025\/05\/Ylistysviikko-e1746079031126.png\" alt=\"\" class=\"wp-image-103\" style=\"aspect-ratio:1.4748475266701413;width:645px;height:auto\" srcset=\"https:\/\/www.ylistyslahti.fi\/wp-content\/uploads\/2025\/05\/Ylistysviikko-e1746079031126.png 587w, https:\/\/www.ylistyslahti.fi\/wp-content\/uploads\/2025\/05\/Ylistysviikko-e1746079031126-300x203.png 300w\" sizes=\"auto, (max-width: 587px) 100vw, 587px\" \/><figcaption class=\"wp-element-caption\">YLISTYSVIIKKO<\/figcaption><\/figure>\n<\/div>\n\n\n<div style=\"height:26px\" aria-hidden=\"true\" class=\"wp-block-spacer\"><\/div>\n\n\n\n<p class=\"has-text-align-center\">Yhteinen ylistysviikko on Lahden seudun juhlaviikko. Seits\u00e4m\u00e4n p\u00e4iv\u00e4n aikana j\u00e4rjestet\u00e4\u00e4n ylistysiltojen sarja. Tapahtumiin on avoin kutsu kaikille kaupunginlaajan seurakuntaperheen kristityille ja toki laajemminkin. Toteutuksessa tukeudutaan ensijassa paikallisiin ylistyksenjohtajiin.<\/p>\n\n\n\n<p class=\"has-text-align-center\"> T\u00e4n\u00e4 vuonna ylistysviikko j\u00e4rjestet\u00e4\u00e4n elokuussa <strong>20-26.8.2026<\/strong> (to-ke) .<\/p>\n\n\n\n<p class=\"has-text-align-center\">Tapahtuman tarkoituksena on koota alueen kristittyj\u00e4 ylist\u00e4m\u00e4\u00e4n ja palvomaan Jumalaa sek\u00e4 kohtaamaan H\u00e4nt\u00e4.<\/p>\n\n\n\n<p class=\"has-text-align-center\">Aloitamme ylistysviikon Walimolla to 20.8. klo 18.30. P\u00e4\u00e4t\u00e4mme viikon yhteiseen ylistysjuhlaan ke 26.8. Lahden Helluntaiseurakunnassa.<\/p>\n\n\n\n<div style=\"height:61px\" aria-hidden=\"true\" class=\"wp-block-spacer\"><\/div>\n\n\n\n<p>JAE:<\/p>\n\n\n\n<p>Rm 15:6 \u201dett\u00e4 te <strong>yksimielisesti ja yhdest\u00e4 suusta ylist\u00e4isitte Jumala<\/strong>a&#8221;<\/p>\n\n\n\n<div style=\"height:62px\" aria-hidden=\"true\" class=\"wp-block-spacer\"><\/div>\n\n\n\n<div class=\"wp-block-buttons alignwide is-content-justification-center is-layout-flex wp-container-core-buttons-is-layout-16018d1d wp-block-buttons-is-layout-flex\">\n<div class=\"wp-block-button\"><a class=\"wp-block-button__link wp-element-button\" href=\"http:\/\/WWW.viikko.ylistyslahti.fi\">Ylistysviikon ohjelma rakentuu n\u00e4ille sivuille &#8230;.<\/a><\/div>\n<\/div>\n\n\n\n<figure class=\"wp-block-video\"><\/figure>\n","protected":false},"excerpt":{"rendered":"<p>YHTEINEN YLISTYSVIIKKO LAHDESSA Yhteinen ylistysviikko on Lahden seudun juhlaviikko. Seits\u00e4m\u00e4n p\u00e4iv\u00e4n aikana j\u00e4rjestet\u00e4\u00e4n ylistysiltojen sarja. Tapahtumiin on avoin kutsu kaikille kaupunginlaajan seurakuntaperheen kristityille ja toki&hellip;<\/p>\n","protected":false},"author":1,"featured_media":0,"parent":0,"menu_order":0,"comment_status":"closed","ping_status":"closed","template":"","meta":{"footnotes":""},"class_list":["post-51","page","type-page","status-publish","hentry"],"_links":{"self":[{"href":"https:\/\/www.ylistyslahti.fi\/index.php\/wp-json\/wp\/v2\/pages\/51","targetHints":{"allow":["GET"]}}],"collection":[{"href":"https:\/\/www.ylistyslahti.fi\/index.php\/wp-json\/wp\/v2\/pages"}],"about":[{"href":"https:\/\/www.ylistyslahti.fi\/index.php\/wp-json\/wp\/v2\/types\/page"}],"author":[{"embeddable":true,"href":"https:\/\/www.ylistyslahti.fi\/index.php\/wp-json\/wp\/v2\/users\/1"}],"replies":[{"embeddable":true,"href":"https:\/\/www.ylistyslahti.fi\/index.php\/wp-json\/wp\/v2\/comments?post=51"}],"version-history":[{"count":27,"href":"https:\/\/www.ylistyslahti.fi\/index.php\/wp-json\/wp\/v2\/pages\/51\/revisions"}],"predecessor-version":[{"id":448,"href":"https:\/\/www.ylistyslahti.fi\/index.php\/wp-json\/wp\/v2\/pages\/51\/revisions\/448"}],"wp:attachment":[{"href":"https:\/\/www.ylistyslahti.fi\/index.php\/wp-json\/wp\/v2\/media?parent=51"}],"curies":[{"name":"wp","href":"https:\/\/api.w.org\/{rel}","templated":true}]}}